{"id":296,"date":"2021-12-01T17:20:38","date_gmt":"2021-12-01T16:20:38","guid":{"rendered":"https:\/\/luxidentity.lu\/?page_id=296"},"modified":"2021-12-01T17:20:38","modified_gmt":"2021-12-01T16:20:38","slug":"cookies-policy","status":"publish","type":"page","link":"https:\/\/luxidentity.lu\/index.php\/cookies-policy\/","title":{"rendered":"Cookies policy"},"content":{"rendered":"<div class=\"fusion-fullwidth fullwidth-box fusion-builder-row-1 fusion-flex-container nonhundred-percent-fullwidth non-hundred-percent-height-scrolling\" style=\"--awb-border-radius-top-left:0px;--awb-border-radius-top-right:0px;--awb-border-radius-bottom-right:0px;--awb-border-radius-bottom-left:0px;--awb-margin-top:40px;--awb-margin-bottom:20px;--awb-flex-wrap:wrap;\" ><div class=\"fusion-builder-row fusion-row fusion-flex-align-items-flex-start fusion-flex-content-wrap\" style=\"max-width:1248px;margin-left: calc(-4% \/ 2 );margin-right: calc(-4% \/ 2 );\"><div class=\"fusion-layout-column fusion_builder_column fusion-builder-column-0 fusion_builder_column_1_1 1_1 fusion-flex-column\" style=\"--awb-bg-size:cover;--awb-width-large:100%;--awb-margin-top-large:0px;--awb-spacing-right-large:1.92%;--awb-margin-bottom-large:20px;--awb-spacing-left-large:1.92%;--awb-width-medium:100%;--awb-order-medium:0;--awb-spacing-right-medium:1.92%;--awb-spacing-left-medium:1.92%;--awb-width-small:100%;--awb-order-small:0;--awb-spacing-right-small:1.92%;--awb-spacing-left-small:1.92%;\"><div class=\"fusion-column-wrapper fusion-column-has-shadow fusion-flex-justify-content-flex-start fusion-content-layout-column\"><div class=\"fusion-text fusion-text-1\"><h3><strong>QU'EST CE QU'UN COOKIE ?<\/strong><\/h3>\n<p>Les cookies sont de petits fichiers que les sites Web mettent sur le disque dur de votre ordinateur lors de votre premi\u00e8re visite.<br \/>\nRepr\u00e9sentez-vous un cookie comme une carte d'identification qui est uniquement la v\u00f4tre. Son travail est d'indiquer au site lorsque vous y retournez. Bien qu'il soit possible d'en faire une mauvaise utilisation dans des cas o\u00f9 ils renferment des donn\u00e9es personnelles, les cookies ne sont pas par eux-m\u00eames malveillants.<br \/>\nLa plupart des sites Web, y compris Microsoft, utilisent des cookies. Les cookies nous indiquent la fr\u00e9quentation des pages que vous visitez, ce qui nous aide \u00e0 conna\u00eetre les informations qui vous int\u00e9ressent. Ainsi, nous pouvons vous donner plus de contenu qui vous int\u00e9resse et moins de contenu qui ne vous int\u00e9resse pas.<br \/>\nLes cookies peuvent vous aider \u00e0 \u00eatre plus efficace. Avez-vous d\u00e9j\u00e0 mis un article dans un panier virtuel sur une boutique en ligne et y \u00eates-vous retourn\u00e9 quelques jours plus tard et avez-vous vu que votre article s'y trouve toujours ? C'est un exemple du travail des cookies.<br \/>\nLes cookies vous permettent de stocker des pr\u00e9f\u00e9rences et les noms des utilisateurs, enregistrer des produits et des services et personnaliser des pages.<br \/>\nMais si vous n'avez jamais enregistr\u00e9 ou laiss\u00e9 d'informations personnelles sur un site, alors le serveur sait simplement que quelqu'un avec votre cookie est revenu sur le site Web. Il ne sait rien d'autre.<\/p>\n<h3><strong>COOKIES, STATISTIQUES ET DONN\u00c9ES DE TRAFIC<\/strong><\/h3>\n<ul>\n<li>Lors de votre premi\u00e8re visite sur notre site internet nous sommes amen\u00e9s \u00e0 installer des cookies sur votre ordinateur, tablette ou mobile. Ces cookies peuvent \u00eatre install\u00e9s par nous ou par les fournisseurs de services qui op\u00e8rent en notre nom et les informations recueillies ne sont utilis\u00e9es que pour notre int\u00e9r\u00eat. Les cookies nous permettent :<br \/>\n\u2022 d'optimiser votre navigation<br \/>\n\u2022 de r\u00e9aliser des \u00e9tudes et statistiques \u00e0 propos de la fr\u00e9quentation de notre site<br \/>\n\u2022 de traiter vos demandes via les formulaires de contacts<br \/>\nVous pouvez param\u00e9trer votre ordinateur, tablette ou mobile de mani\u00e8re \u00e0 ce qu'il vous informe chaque fois qu'un cookie vous est transmis. Vous pouvez \u00e9galement choisir de d\u00e9sactiver tous les cookies. Vous pouvez effectuer cette op\u00e9ration dans les param\u00e8tres de votre navigateur. Si vous d\u00e9sactivez les cookies, vous n'aurez plus acc\u00e8s \u00e0 de nombreuses fonctionnalit\u00e9s de notre site internet et celui-ci ne fonctionnera pas correctement.<\/li>\n<li>Les cookies ne sont garder que le temps n\u00e9cessaire \u00e0 la finalit\u00e9 du traitement.<br \/>\nVia le bandeau d'information, vous pouvez effectuer vos choix en fonction du type de cookies.<\/li>\n<\/ul>\n<p>Vous pouvez cependant \u00e0 tout moment d\u00e9sactiver les cookies selon les modalit\u00e9s d\u00e9crites ci-dessous.<br \/>\n\u2022 Navigateur Chrome :\u00a0<a href=\"https:\/\/support.google.com\/chrome\/answer\/95647?co=GENIE.Platform%3DDesktop&hl=fr\">https:\/\/support.google.com\/chrome\/answer\/95647?co=GENIE.Platform%3DDesktop&hl=fr<\/a><br \/>\n\u2022 Navigateur Firefox :\u00a0<a href=\"https:\/\/support.mozilla.org\/fr\/kb\/effacer-les-cookies-pour-supprimer-les-information\">https:\/\/support.mozilla.org\/fr\/kb\/effacer-les-cookies-pour-supprimer-les-information<\/a><br \/>\n\u2022 Navigateur Internet Explorer :\u00a0<a href=\"https:\/\/support.microsoft.com\/fr-fr\/help\/278835\/how-to-delete-cookie-files-in-internet-explorer\">https:\/\/support.microsoft.com\/fr-fr\/help\/278835\/how-to-delete-cookie-files-in-internet-explorer<\/a><br \/>\n\u2022 Navigateur Safari :\u00a0<a href=\"https:\/\/support.apple.com\/kb\/PH19214?locale=fr_FR&viewlocale=fr_FR\">https:\/\/support.apple.com\/kb\/PH19214?locale=fr_FR&viewlocale=fr_FR<\/a><\/p>\n<p><strong>Nous utilisons les types de cookies suivants :<\/strong><br \/>\n<strong>Cookies strictement n\u00e9cessaires : cookie plateforme<\/strong><br \/>\nIl s'agit de cookies qui sont n\u00e9cessaires au bon fonctionnement de notre site internet.<\/p>\n<p><strong>Cookies fonctionnels :<\/strong><br \/>\nCes cookies permettent \u00e0 notre site de se rappeler vos choix et de proposer des fonctionnalit\u00e9s am\u00e9lior\u00e9es, plus personnelles. Les informations collect\u00e9es par ces cookies peuvent \u00eatre rendues anonymes ; en outre, ces cookies ne permettent pas de suivre votre activit\u00e9 de navigation sur d'autres sites Internet.<\/p>\n<p><strong>Cookies de performance et statistiques<\/strong><br \/>\nCes cookies collectent des informations relatives \u00e0 la fa\u00e7on dont les visiteurs utilisent notre site Internet. Ces cookies ne collectent pas d'informations susceptibles de permettre l'identification d'un visiteur. Toutes les informations collect\u00e9es par ces cookies sont regroup\u00e9es et, par cons\u00e9quent, anonymes. Nous utilisons uniquement ces cookies afin d'am\u00e9liorer le fonctionnement de notre site internet.<\/p>\n<p><strong>Cookie Google Analytics<\/strong><br \/>\nGoogle Analytics utilise des \u00ab cookies pour permettre au site Internet d'analyser la fa\u00e7on dont les utilisateurs utilisent le site internet. Les informations portant sur votre utilisation du site internet, y compris votre adresse IP) g\u00e9n\u00e9r\u00e9es par le cookie seront transmises \u00e0 Google qui les conservera dans des serveurs situ\u00e9s aux \u00c9tats-Unis.<\/p>\n<p>Google utilisera ces informations afin d'\u00e9valuer votre utilisation du site internet, de compiler des rapports portant sur l'activit\u00e9 du site Internet \u00e0 destination des exploitants des sites et de fournir d'autres services portant sur l'activit\u00e9 du site Internet et l'utilisation d'Internet.<\/p>\n<p>Google peut \u00e9galement transmettre ces informations \u00e0 des tiers lorsque la loi l'exige ou lorsque ces tiers traitent les informations pour le compte de Google. Google n'associera pas votre adresse IP \u00e0 d'autres donn\u00e9es d\u00e9tenues par Google. Vous pouvez refuser l'utilisation de cookies en s\u00e9lectionnant les param\u00e8tres ad\u00e9quats dans votre navigateur ou sur l'application. Notez cependant que votre refus pourrait entra\u00eener, une indisponibilit\u00e9 partielle du site Internet.<\/p>\n<p>En utilisant notre site Internet par Google de la mani\u00e8re et aux fins indiqu\u00e9es ci-dessus. Pour en savoir plus, se r\u00e9f\u00e9rer \u00e0 \u00ab Comment Google utilise certaines donn\u00e9es collect\u00e9es lorsque vous utilisez des sites ou applications de nos partenaires \u00bb (disponible sur\u00a0<a href=\"http:\/\/www.google.com\/policies\/privacy\/partners\/\">www.google.com\/policies\/privacy\/partners\/<\/a>\u00a0ou tout autre lien que Google pourra vous fournir).<br \/>\nSi vous souhaitez que Google Analytics cesse de vous suivre sur tous les sites web, visitez le site\u00a0<a href=\"http:\/\/tools.google.com\/dlpage\/gaoptout.\">http:\/\/tools.google.com\/dlpage\/gaoptout.<\/a><\/p>\n<\/div><\/div><\/div><\/div><\/div>\n","protected":false},"excerpt":{"rendered":"","protected":false},"author":1,"featured_media":0,"parent":0,"menu_order":0,"comment_status":"closed","ping_status":"closed","template":"100-width.php","meta":{"footnotes":""},"class_list":["post-296","page","type-page","status-publish","hentry"],"yoast_head":"<!-- This site is optimized with the Yoast SEO plugin v25.7 - https:\/\/yoast.com\/wordpress\/plugins\/seo\/ -->\n<title>Cookies policy - Luxidentity<\/title>\n<meta name=\"robots\" content=\"index, follow, max-snippet:-1, max-image-preview:large, max-video-preview:-1\" \/>\n<link rel=\"canonical\" href=\"https:\/\/luxidentity.lu\/index.php\/cookies-policy\/\" \/>\n<meta property=\"og:locale\" content=\"fr_FR\" \/>\n<meta property=\"og:type\" content=\"article\" \/>\n<meta property=\"og:title\" content=\"Cookies policy - Luxidentity\" \/>\n<meta property=\"og:url\" content=\"https:\/\/luxidentity.lu\/index.php\/cookies-policy\/\" \/>\n<meta property=\"og:site_name\" content=\"Luxidentity\" \/>\n<meta name=\"twitter:card\" content=\"summary_large_image\" \/>\n<meta name=\"twitter:label1\" content=\"Dur\u00e9e de lecture estim\u00e9e\" \/>\n\t<meta name=\"twitter:data1\" content=\"2 minutes\" \/>\n<script type=\"application\/ld+json\" class=\"yoast-schema-graph\">{\"@context\":\"https:\/\/schema.org\",\"@graph\":[{\"@type\":\"WebPage\",\"@id\":\"https:\/\/luxidentity.lu\/index.php\/cookies-policy\/\",\"url\":\"https:\/\/luxidentity.lu\/index.php\/cookies-policy\/\",\"name\":\"Cookies policy - Luxidentity\",\"isPartOf\":{\"@id\":\"https:\/\/luxidentity.lu\/#website\"},\"datePublished\":\"2021-12-01T16:20:38+00:00\",\"breadcrumb\":{\"@id\":\"https:\/\/luxidentity.lu\/index.php\/cookies-policy\/#breadcrumb\"},\"inLanguage\":\"fr-FR\",\"potentialAction\":[{\"@type\":\"ReadAction\",\"target\":[\"https:\/\/luxidentity.lu\/index.php\/cookies-policy\/\"]}]},{\"@type\":\"BreadcrumbList\",\"@id\":\"https:\/\/luxidentity.lu\/index.php\/cookies-policy\/#breadcrumb\",\"itemListElement\":[{\"@type\":\"ListItem\",\"position\":1,\"name\":\"Accueil\",\"item\":\"https:\/\/luxidentity.lu\/\"},{\"@type\":\"ListItem\",\"position\":2,\"name\":\"Cookies policy\"}]},{\"@type\":\"WebSite\",\"@id\":\"https:\/\/luxidentity.lu\/#website\",\"url\":\"https:\/\/luxidentity.lu\/\",\"name\":\"Luxidentity\",\"description\":\"Faites face aux Cyber menaces avec Luxidentity\",\"potentialAction\":[{\"@type\":\"SearchAction\",\"target\":{\"@type\":\"EntryPoint\",\"urlTemplate\":\"https:\/\/luxidentity.lu\/?s={search_term_string}\"},\"query-input\":{\"@type\":\"PropertyValueSpecification\",\"valueRequired\":true,\"valueName\":\"search_term_string\"}}],\"inLanguage\":\"fr-FR\"}]}<\/script>\n<!-- \/ Yoast SEO plugin. -->","yoast_head_json":{"title":"Cookies policy - Luxidentity","robots":{"index":"index","follow":"follow","max-snippet":"max-snippet:-1","max-image-preview":"max-image-preview:large","max-video-preview":"max-video-preview:-1"},"canonical":"https:\/\/luxidentity.lu\/index.php\/cookies-policy\/","og_locale":"fr_FR","og_type":"article","og_title":"Cookies policy - Luxidentity","og_url":"https:\/\/luxidentity.lu\/index.php\/cookies-policy\/","og_site_name":"Luxidentity","twitter_card":"summary_large_image","twitter_misc":{"Dur\u00e9e de lecture estim\u00e9e":"2 minutes"},"schema":{"@context":"https:\/\/schema.org","@graph":[{"@type":"WebPage","@id":"https:\/\/luxidentity.lu\/index.php\/cookies-policy\/","url":"https:\/\/luxidentity.lu\/index.php\/cookies-policy\/","name":"Cookies policy - Luxidentity","isPartOf":{"@id":"https:\/\/luxidentity.lu\/#website"},"datePublished":"2021-12-01T16:20:38+00:00","breadcrumb":{"@id":"https:\/\/luxidentity.lu\/index.php\/cookies-policy\/#breadcrumb"},"inLanguage":"fr-FR","potentialAction":[{"@type":"ReadAction","target":["https:\/\/luxidentity.lu\/index.php\/cookies-policy\/"]}]},{"@type":"BreadcrumbList","@id":"https:\/\/luxidentity.lu\/index.php\/cookies-policy\/#breadcrumb","itemListElement":[{"@type":"ListItem","position":1,"name":"Accueil","item":"https:\/\/luxidentity.lu\/"},{"@type":"ListItem","position":2,"name":"Cookies policy"}]},{"@type":"WebSite","@id":"https:\/\/luxidentity.lu\/#website","url":"https:\/\/luxidentity.lu\/","name":"Luxidentity","description":"Faites face aux Cyber menaces avec Luxidentity","potentialAction":[{"@type":"SearchAction","target":{"@type":"EntryPoint","urlTemplate":"https:\/\/luxidentity.lu\/?s={search_term_string}"},"query-input":{"@type":"PropertyValueSpecification","valueRequired":true,"valueName":"search_term_string"}}],"inLanguage":"fr-FR"}]}},"_links":{"self":[{"href":"https:\/\/luxidentity.lu\/index.php\/wp-json\/wp\/v2\/pages\/296","targetHints":{"allow":["GET"]}}],"collection":[{"href":"https:\/\/luxidentity.lu\/index.php\/wp-json\/wp\/v2\/pages"}],"about":[{"href":"https:\/\/luxidentity.lu\/index.php\/wp-json\/wp\/v2\/types\/page"}],"author":[{"embeddable":true,"href":"https:\/\/luxidentity.lu\/index.php\/wp-json\/wp\/v2\/users\/1"}],"replies":[{"embeddable":true,"href":"https:\/\/luxidentity.lu\/index.php\/wp-json\/wp\/v2\/comments?post=296"}],"version-history":[{"count":1,"href":"https:\/\/luxidentity.lu\/index.php\/wp-json\/wp\/v2\/pages\/296\/revisions"}],"predecessor-version":[{"id":297,"href":"https:\/\/luxidentity.lu\/index.php\/wp-json\/wp\/v2\/pages\/296\/revisions\/297"}],"wp:attachment":[{"href":"https:\/\/luxidentity.lu\/index.php\/wp-json\/wp\/v2\/media?parent=296"}],"curies":[{"name":"wp","href":"https:\/\/api.w.org\/{rel}","templated":true}]}}