{"id":292,"date":"2021-12-01T17:06:49","date_gmt":"2021-12-01T16:06:49","guid":{"rendered":"https:\/\/luxidentity.lu\/?page_id=292"},"modified":"2021-12-01T17:06:49","modified_gmt":"2021-12-01T16:06:49","slug":"politique-de-vie-privee","status":"publish","type":"page","link":"https:\/\/luxidentity.lu\/index.php\/politique-de-vie-privee\/","title":{"rendered":"Politique de vie priv\u00e9e"},"content":{"rendered":"<div class=\"fusion-fullwidth fullwidth-box fusion-builder-row-1 fusion-flex-container nonhundred-percent-fullwidth non-hundred-percent-height-scrolling\" style=\"--awb-border-radius-top-left:0px;--awb-border-radius-top-right:0px;--awb-border-radius-bottom-right:0px;--awb-border-radius-bottom-left:0px;--awb-margin-top:40px;--awb-margin-bottom:20px;--awb-flex-wrap:wrap;\" ><div class=\"fusion-builder-row fusion-row fusion-flex-align-items-flex-start fusion-flex-content-wrap\" style=\"max-width:1248px;margin-left: calc(-4% \/ 2 );margin-right: calc(-4% \/ 2 );\"><div class=\"fusion-layout-column fusion_builder_column fusion-builder-column-0 fusion_builder_column_1_1 1_1 fusion-flex-column\" style=\"--awb-bg-size:cover;--awb-width-large:100%;--awb-margin-top-large:0px;--awb-spacing-right-large:1.92%;--awb-margin-bottom-large:20px;--awb-spacing-left-large:1.92%;--awb-width-medium:100%;--awb-order-medium:0;--awb-spacing-right-medium:1.92%;--awb-spacing-left-medium:1.92%;--awb-width-small:100%;--awb-order-small:0;--awb-spacing-right-small:1.92%;--awb-spacing-left-small:1.92%;\"><div class=\"fusion-column-wrapper fusion-column-has-shadow fusion-flex-justify-content-flex-start fusion-content-layout-column\"><div class=\"fusion-text fusion-text-1\"><p>Conform\u00e9ment aux dispositions du R\u00e8glement (UE) 2016\/679 du Parlement europ\u00e9en et du Conseil du 27 avril 2016 relatif \u00e0 la protection des personnes physiques \u00e0 l'\u00e9gard du traitement des donn\u00e9es \u00e0 caract\u00e8re personnel et \u00e0 la libre circulation de ces donn\u00e9es (RGPD) , nous souhaitons vous informer des conditions de traitement de vos donn\u00e9es \u00e0 caract\u00e8re personnel.<\/p>\n<p>En tant que responsable de traitement et sous-traitant, nous traitons vos donn\u00e9es dans le cadre des missions que vous nous confiez.<\/p>\n<p>Vos donn\u00e9es sont conserv\u00e9es pour le temps n\u00e9cessaire \u00e0 la mission et selon la dur\u00e9e l\u00e9gale d'archivage et de conservation des documents en lien avec notre m\u00e9tier de conseiller expert en cyber s\u00e9curit\u00e9, de formateur et d'auditeur en s\u00e9curit\u00e9.<\/p>\n<p>Lors de votre visite sur notre site internet, l'adresse IP de votre appareil de connexion est identifi\u00e9e.<\/p>\n<p>Vos donn\u00e9es d'identification sont trait\u00e9es \u00e0 des fins d'enregistrement et de contr\u00f4le de votre identit\u00e9, de pr\u00e9vention \u00e9ventuelle contre les virus, le hame\u00e7onnage ou d'autres crimes informatiques, de statistiques et d'am\u00e9lioration de notre site web.<\/p>\n<p>Lorsque vous remplissez le formulaire de contact repris sur le site www.luxidentity.lu, vos donn\u00e9es sont trait\u00e9es dans le cadre de la gestion des requ\u00eates, questions et actions d'am\u00e9lioration.<\/p>\n<p>A tout moment, vous avez le droit d'acc\u00e9der sans frais aux informations que nous d\u00e9tenons sur vous, de les mettre \u00e0 jour ou de les corriger, de les supprimer ou d'en demander le transfert.<\/p>\n<p>Pour ce faire vous devez prendre contact avec la responsable de traitement de notre soci\u00e9t\u00e9 soit Madame Jos\u00e9phine Russello via<a href=\"mailto:josephine.russello@luxidentity.lu\" target=\"_blank\" rel=\"noopener\">\u00a0josephine.russello@luxidentity.lu<\/a> ou par t\u00e9l\u00e9phone au +352 28997223.<\/p>\n<p>Nous nous engageons \u00e0 prendre les mesures techniques et organisationnelles appropri\u00e9es pour assurer la protection de vos donn\u00e9es \u00e0 caract\u00e8re personnel contre la destruction, qu'elle soit accidentelle ou illicite, contre la perte, la falsification, la diffusion ou l'acc\u00e8s non autoris\u00e9 notamment lorsque le traitement suppose la transmission de donn\u00e9es par r\u00e9seau, et contre toute autre forme illicite de traitement, et assurons un niveau de s\u00e9curit\u00e9 adapt\u00e9 aux risques que repr\u00e9sentent le traitement et la nature des donn\u00e9es \u00e0 caract\u00e8re personnel \u00e0 prot\u00e9ger, compte tenu des possibilit\u00e9s techniques et du co\u00fbt de mise en \u0153uvre.<\/p>\n<p><strong><em>Vous pouvez \u00e9galement lire nos mentions l\u00e9gales ainsi que notre politique de cookies.<\/em><\/strong><\/p>\n<\/div><\/div><\/div><\/div><\/div>\n","protected":false},"excerpt":{"rendered":"","protected":false},"author":1,"featured_media":0,"parent":0,"menu_order":0,"comment_status":"closed","ping_status":"closed","template":"100-width.php","meta":{"footnotes":""},"class_list":["post-292","page","type-page","status-publish","hentry"],"yoast_head":"<!-- This site is optimized with the Yoast SEO plugin v25.7 - https:\/\/yoast.com\/wordpress\/plugins\/seo\/ -->\n<title>Politique de vie priv\u00e9e - Luxidentity<\/title>\n<meta name=\"robots\" content=\"index, follow, max-snippet:-1, max-image-preview:large, max-video-preview:-1\" \/>\n<link rel=\"canonical\" href=\"https:\/\/luxidentity.lu\/index.php\/politique-de-vie-privee\/\" \/>\n<meta property=\"og:locale\" content=\"fr_FR\" \/>\n<meta property=\"og:type\" content=\"article\" \/>\n<meta property=\"og:title\" content=\"Politique de vie priv\u00e9e - Luxidentity\" \/>\n<meta property=\"og:url\" content=\"https:\/\/luxidentity.lu\/index.php\/politique-de-vie-privee\/\" \/>\n<meta property=\"og:site_name\" content=\"Luxidentity\" \/>\n<meta name=\"twitter:card\" content=\"summary_large_image\" \/>\n<meta name=\"twitter:label1\" content=\"Dur\u00e9e de lecture estim\u00e9e\" \/>\n\t<meta name=\"twitter:data1\" content=\"2 minutes\" \/>\n<script type=\"application\/ld+json\" class=\"yoast-schema-graph\">{\"@context\":\"https:\/\/schema.org\",\"@graph\":[{\"@type\":\"WebPage\",\"@id\":\"https:\/\/luxidentity.lu\/index.php\/politique-de-vie-privee\/\",\"url\":\"https:\/\/luxidentity.lu\/index.php\/politique-de-vie-privee\/\",\"name\":\"Politique de vie priv\u00e9e - Luxidentity\",\"isPartOf\":{\"@id\":\"https:\/\/luxidentity.lu\/#website\"},\"datePublished\":\"2021-12-01T16:06:49+00:00\",\"breadcrumb\":{\"@id\":\"https:\/\/luxidentity.lu\/index.php\/politique-de-vie-privee\/#breadcrumb\"},\"inLanguage\":\"fr-FR\",\"potentialAction\":[{\"@type\":\"ReadAction\",\"target\":[\"https:\/\/luxidentity.lu\/index.php\/politique-de-vie-privee\/\"]}]},{\"@type\":\"BreadcrumbList\",\"@id\":\"https:\/\/luxidentity.lu\/index.php\/politique-de-vie-privee\/#breadcrumb\",\"itemListElement\":[{\"@type\":\"ListItem\",\"position\":1,\"name\":\"Accueil\",\"item\":\"https:\/\/luxidentity.lu\/\"},{\"@type\":\"ListItem\",\"position\":2,\"name\":\"Politique de vie priv\u00e9e\"}]},{\"@type\":\"WebSite\",\"@id\":\"https:\/\/luxidentity.lu\/#website\",\"url\":\"https:\/\/luxidentity.lu\/\",\"name\":\"Luxidentity\",\"description\":\"Faites face aux Cyber menaces avec Luxidentity\",\"potentialAction\":[{\"@type\":\"SearchAction\",\"target\":{\"@type\":\"EntryPoint\",\"urlTemplate\":\"https:\/\/luxidentity.lu\/?s={search_term_string}\"},\"query-input\":{\"@type\":\"PropertyValueSpecification\",\"valueRequired\":true,\"valueName\":\"search_term_string\"}}],\"inLanguage\":\"fr-FR\"}]}<\/script>\n<!-- \/ Yoast SEO plugin. -->","yoast_head_json":{"title":"Politique de vie priv\u00e9e - Luxidentity","robots":{"index":"index","follow":"follow","max-snippet":"max-snippet:-1","max-image-preview":"max-image-preview:large","max-video-preview":"max-video-preview:-1"},"canonical":"https:\/\/luxidentity.lu\/index.php\/politique-de-vie-privee\/","og_locale":"fr_FR","og_type":"article","og_title":"Politique de vie priv\u00e9e - Luxidentity","og_url":"https:\/\/luxidentity.lu\/index.php\/politique-de-vie-privee\/","og_site_name":"Luxidentity","twitter_card":"summary_large_image","twitter_misc":{"Dur\u00e9e de lecture estim\u00e9e":"2 minutes"},"schema":{"@context":"https:\/\/schema.org","@graph":[{"@type":"WebPage","@id":"https:\/\/luxidentity.lu\/index.php\/politique-de-vie-privee\/","url":"https:\/\/luxidentity.lu\/index.php\/politique-de-vie-privee\/","name":"Politique de vie priv\u00e9e - Luxidentity","isPartOf":{"@id":"https:\/\/luxidentity.lu\/#website"},"datePublished":"2021-12-01T16:06:49+00:00","breadcrumb":{"@id":"https:\/\/luxidentity.lu\/index.php\/politique-de-vie-privee\/#breadcrumb"},"inLanguage":"fr-FR","potentialAction":[{"@type":"ReadAction","target":["https:\/\/luxidentity.lu\/index.php\/politique-de-vie-privee\/"]}]},{"@type":"BreadcrumbList","@id":"https:\/\/luxidentity.lu\/index.php\/politique-de-vie-privee\/#breadcrumb","itemListElement":[{"@type":"ListItem","position":1,"name":"Accueil","item":"https:\/\/luxidentity.lu\/"},{"@type":"ListItem","position":2,"name":"Politique de vie priv\u00e9e"}]},{"@type":"WebSite","@id":"https:\/\/luxidentity.lu\/#website","url":"https:\/\/luxidentity.lu\/","name":"Luxidentity","description":"Faites face aux Cyber menaces avec Luxidentity","potentialAction":[{"@type":"SearchAction","target":{"@type":"EntryPoint","urlTemplate":"https:\/\/luxidentity.lu\/?s={search_term_string}"},"query-input":{"@type":"PropertyValueSpecification","valueRequired":true,"valueName":"search_term_string"}}],"inLanguage":"fr-FR"}]}},"_links":{"self":[{"href":"https:\/\/luxidentity.lu\/index.php\/wp-json\/wp\/v2\/pages\/292","targetHints":{"allow":["GET"]}}],"collection":[{"href":"https:\/\/luxidentity.lu\/index.php\/wp-json\/wp\/v2\/pages"}],"about":[{"href":"https:\/\/luxidentity.lu\/index.php\/wp-json\/wp\/v2\/types\/page"}],"author":[{"embeddable":true,"href":"https:\/\/luxidentity.lu\/index.php\/wp-json\/wp\/v2\/users\/1"}],"replies":[{"embeddable":true,"href":"https:\/\/luxidentity.lu\/index.php\/wp-json\/wp\/v2\/comments?post=292"}],"version-history":[{"count":1,"href":"https:\/\/luxidentity.lu\/index.php\/wp-json\/wp\/v2\/pages\/292\/revisions"}],"predecessor-version":[{"id":293,"href":"https:\/\/luxidentity.lu\/index.php\/wp-json\/wp\/v2\/pages\/292\/revisions\/293"}],"wp:attachment":[{"href":"https:\/\/luxidentity.lu\/index.php\/wp-json\/wp\/v2\/media?parent=292"}],"curies":[{"name":"wp","href":"https:\/\/api.w.org\/{rel}","templated":true}]}}