{"id":183,"date":"2021-10-27T18:09:56","date_gmt":"2021-10-27T16:09:56","guid":{"rendered":"https:\/\/luxidentity.lu\/?page_id=183"},"modified":"2021-12-21T11:38:51","modified_gmt":"2021-12-21T10:38:51","slug":"mentions-legales","status":"publish","type":"page","link":"https:\/\/luxidentity.lu\/index.php\/mentions-legales\/","title":{"rendered":"Mentions l\u00e9gales"},"content":{"rendered":"<div class=\"fusion-fullwidth fullwidth-box fusion-builder-row-1 fusion-flex-container nonhundred-percent-fullwidth non-hundred-percent-height-scrolling\" style=\"--awb-border-radius-top-left:0px;--awb-border-radius-top-right:0px;--awb-border-radius-bottom-right:0px;--awb-border-radius-bottom-left:0px;--awb-margin-top:40px;--awb-margin-bottom:20px;--awb-flex-wrap:wrap;\" ><div class=\"fusion-builder-row fusion-row fusion-flex-align-items-flex-start fusion-flex-content-wrap\" style=\"max-width:1248px;margin-left: calc(-4% \/ 2 );margin-right: calc(-4% \/ 2 );\"><div class=\"fusion-layout-column fusion_builder_column fusion-builder-column-0 fusion_builder_column_1_1 1_1 fusion-flex-column\" style=\"--awb-bg-size:cover;--awb-width-large:100%;--awb-margin-top-large:0px;--awb-spacing-right-large:1.92%;--awb-margin-bottom-large:20px;--awb-spacing-left-large:1.92%;--awb-width-medium:100%;--awb-order-medium:0;--awb-spacing-right-medium:1.92%;--awb-spacing-left-medium:1.92%;--awb-width-small:100%;--awb-order-small:0;--awb-spacing-right-small:1.92%;--awb-spacing-left-small:1.92%;\"><div class=\"fusion-column-wrapper fusion-column-has-shadow fusion-flex-justify-content-flex-start fusion-content-layout-column\"><div class=\"fusion-text fusion-text-1\"><p><strong>LuxIdentity S\u00e0rl<\/strong><\/p>\n<ul>\n<li>Si\u00e8ge social : Rue des Trois Cantons, 9 \u00e0 8399 Windhof.<\/li>\n<li>Num. TVA : LU28454512<\/li>\n<li>RCS Luxembourg : B201793<\/li>\n<li>T\u00e9l\u00e9phone : +352 28997223<\/li>\n<li>Email:\u00a0info@luxidentity.lu<\/li>\n<\/ul>\n<h2>CONDITIONS D'UTILISATION DU SITE : www.luxidentity.lu<\/h2>\n<h3><strong>Objectif du site et mentions l\u00e9gales<\/strong><\/h3>\n<p>LuxIdentity propose divers services tels que les audits de s\u00e9curit\u00e9, vuln\u00e9rabilit\u00e9 de l'architecture informatique, l'impl\u00e9mentation et l'int\u00e9gration de solutions (de s\u00e9curit\u00e9, de surveillance, de d\u00e9tection etc.), l'exploitation de serveurs informatiques ou t\u00e9l\u00e9matiques, les applications logicielles et multim\u00e9dia, la protection et s\u00e9curit\u00e9 des donn\u00e9es ainsi que l'information, la gestion des contr\u00f4les et des acc\u00e8s des identit\u00e9s num\u00e9riques, encryptions. www.luxidentity.lu\u00a0permet de pr\u00e9senter les services de LuxIdentity, ainsi que de publier des articles et des actualit\u00e9s.<\/p>\n<p>Toute demande de renseignement ou de service via\u00a0<a href=\"http:\/\/www.odsc.be\">www.luxidentity.lu<\/a> implique l'acceptation pleine et entie\u0300re des conditions ge\u0301ne\u0301rales de vente (principes contractuels) et le paiement des sommes dues au titre des offres de service accepte\u0301es.<\/p>\n<p>Les pr\u00e9sentes Conditions d'utilisation peuvent \u00eatre mises \u00e0 jour \u00e0 tout moment, sans pr\u00e9avis. Il est donc conseill\u00e9 \u00e0 l'Utilisateur de consulter r\u00e9guli\u00e8rement le site. Les mises \u00e0 jour s'appliquent d\u00e8s leur parution en ligne.<\/p>\n<p>Si une disposition des pr\u00e9sentes conditions d'utilisation devait \u00eatre d\u00e9clar\u00e9e inapplicable ou invalid\u00e9e pour de quelconques raisons, cette invalidit\u00e9 ou inapplicabilit\u00e9 n'affecterait pas l'application ou la validit\u00e9 des autres dispositions des conditions d'utilisation.<\/p>\n<h3><strong>Utilisation du site<\/strong><\/h3>\n<p><a href=\"http:\/\/www.odsc.be\">www.luxidentity.lu<\/a>\u00a0est mis gratuitement \u00e0 la disposition de l'Utilisateur pour son usage personnel, sous r\u00e9serve des conditions d\u00e9finies ci-dessous. L'utilisation du site implique une acceptation pleine et enti\u00e8re de toutes les conditions d'utilisation.<\/p>\n<p><a href=\"http:\/\/www.odsc.be\">www.luxidentity.lu<\/a>\u00a0ne peut \u00eatre utilis\u00e9 pour effectuer des demandes sp\u00e9culatives, fausses ou frauduleuses.<\/p>\n<p>L'Utilisateur doit \u00eatre \u00e2g\u00e9 d'au moins 18 ans, avoir la capacit\u00e9 juridique de contracter et utiliser ce site conform\u00e9ment aux Conditions d'utilisation.<\/p>\n<h3><strong>Copyrights \u2013 propri\u00e9t\u00e9 intellectuelle<\/strong><\/h3>\n<p>LuxIdentity est propri\u00e9taire des droits relatifs \u00e0 la propri\u00e9t\u00e9 intellectuelle pour tous les \u00e9l\u00e9ments (photographies, logos, dessins, graphiques, textes, vid\u00e9os etc.) figurant sur le site\u00a0<a href=\"http:\/\/www.odsc.be\">www.luxidentity.lu.<\/a><\/p>\n<p>Il est par cons\u00e9quent interdit de reproduire, modifier, transf\u00e9rer ou exploiter tout ou partie du site sans autorisation expresse et \u00e9crite de LuxIdentity.<\/p>\n<h3><strong>T\u00e9l\u00e9chargement<\/strong><\/h3>\n<p>Tout t\u00e9l\u00e9chargement de donn\u00e9es \u00e0 partir du site\u00a0<a href=\"http:\/\/www.odsc.be\">www.luxidentity.lu<\/a> se fait aux propres risques et p\u00e9rils de l'Utilisateur.<\/p>\n<p>L'Utilisateur reconnait que l'usage des services, syst\u00e8mes informatiques n'est pas sans risque. De sorte que LuxIdentity ne pourra \u00eatre tenue responsable des dommages caus\u00e9s par tout type de logiciel malveillant (malware informatique),virus ou vers informatiques suite \u00e0 un t\u00e9l\u00e9chargement de donn\u00e9es \u00e0 partir du site <a href=\"http:\/\/www.luxidentity.lu\">www.luxidentity.lu<\/a><\/p>\n<h3><strong>Traitement de donn\u00e9es \u00e0 caract\u00e8re personnel<\/strong><\/h3>\n<p>Certaines donn\u00e9es \u00e0 caract\u00e8re personnel de l'Utilisateur du site <a href=\"http:\/\/www.luxidentity.lu\">www.luxidentity.lu<\/a> peuvent \u00eatre r\u00e9colt\u00e9es notamment lorsque l'Utilisateur remplit le formulaire de contact ou via l'utilisation de cookies ou pixel invisibles (voir point 10).<\/p>\n<p>Dans ce cadre, le responsable du traitement de l'information est la soci\u00e9t\u00e9 LuxIdentity S\u00e0rl dont le si\u00e8ge social se situe Rue des Trois Cantons, 9 \u00e0 8399 Windhof. La finalit\u00e9 du traitement des donn\u00e9es \u00e0 caract\u00e8re personnel recouvre la gestion des visiteurs du site, l'administration de la client\u00e8le, l'ex\u00e9cution du contrat de vente, la promotion de ses produits et services, l'\u00e9tablissement de campagnes de marketing direct, en ce compris par le biais de courrier \u00e9lectronique.<\/p>\n<p>\u00c0 tout moment le client a le droit de s'opposer au traitement de ses donn\u00e9es \u00e0 caract\u00e8re personnel \u00e0 des fins de marketing direct.<\/p>\n<p>L'Utilisateur b\u00e9n\u00e9ficie d'un droit d'acc\u00e8s et de rectification de ses donn\u00e9es \u00e0 caract\u00e8re personnel, ou d'un droit de suppression, conform\u00e9ment au prescrit de la loi du 30 juillet 2018 relative \u00e0 le protection des personnes physiques a\u0300 l'\u00e9gard des traitements de donn\u00e9es a\u0300 caract\u00e8re personnel et relative a\u0300 la protection de la vie priv\u00e9e.<\/p>\n<p>Pour mettre en \u0153uvre ce droit d'acc\u00e8s, de rectification, ou de suppression, il suffit de prendre contact, gratuitement, avec LuxIdentity, via l'adresse \u00e9lectronique suivante :\u00a0<a href=\"mailto:info@odsc.be\">info@luxidentity.lu<\/a> ou par courrier \u00e0 l'adresse du si\u00e8ge social de la soci\u00e9t\u00e9.<\/p>\n<h3><strong>S\u00e9curit\u00e9 des donn\u00e9es<\/strong><\/h3>\n<p><a href=\"http:\/\/www.odsc.be\">www.luxidentity.lu<\/a> utilise plusieurs syst\u00e8mes de s\u00e9curit\u00e9 pour prot\u00e9ger raisonnablement les donn\u00e9es personnelles de l'Utilisateur. Cependant, LuxIdentity ne peut garantir que des tiers non autoris\u00e9s puissent acc\u00e9der au site pour les utiliser de mani\u00e8re ill\u00e9gale.<\/p>\n<h3><strong>Liens hypertexte vers d'autres sites internet<\/strong><\/h3>\n<p>Le site\u00a0<a href=\"http:\/\/www.odsc.be\">www.luxidentity.lu<\/a> peut contenir des liens hypertextes renvoyant vers d'autres sites internet. Le simple fait que ces liens soient pr\u00e9sents sur le site <a href=\"http:\/\/www.luxidentity.lu\">www.luxidentity.lu<\/a> \u00a0ne signifie en aucun cas que LuxIdentity adh\u00e8re aux id\u00e9es ou opinions pr\u00e9sentes sur ces sites ni qu'un partenariat ou lien associatif existe.<\/p>\n<p>LuxIdentity ne pourra \u00eatre tenue responsable du contenu des sites r\u00e9f\u00e9renc\u00e9s sous ces liens hypertextes.<\/p>\n<h3><strong>Droits de LuxIdentity<\/strong><\/h3>\n<p>LuxIdentity se r\u00e9serve le droit \u00e0 tout moment et sans pr\u00e9avis pr\u00e9alable :<\/p>\n<ol>\n<li>de modifier les annonces, offres, informations en ligne,<\/li>\n<li>de modifier certains services,<\/li>\n<li>d'interdire l'acc\u00e8s \u00e0 son site en cas de probl\u00e8me technique ou lorsque LuxIdentity constate une utilisation abusive ou malintentionn\u00e9e de son site.<\/li>\n<\/ol>\n<h3><strong>Responsabilit\u00e9s de l'Utilisateur<\/strong><\/h3>\n<p>L'Utilisateur du site\u00a0<a href=\"http:\/\/www.odsc.be\">www.luxidentity.lu<\/a>\u00a0s'engage \u00e0 :<\/p>\n<ol>\n<li>ne pas faire usage du site \u00e0 des fins ill\u00e9gales ou pr\u00e9judiciables,<\/li>\n<li>ne pas g\u00eaner l'acc\u00e8s au site, ni \u00e0 perturber ou modifier le site ou \u00e0 encore \u00e0 le rendre moins op\u00e9rant ou causer un pr\u00e9judice au site, \u00e0 LuxIdentity ou \u00e0 des tiers,<\/li>\n<li>\u00a0ne pas faire usage du site ou diffuser des logiciels malveillants, des virus ou des informations pour transmettre pr\u00e9judiciables ou ill\u00e9gales,<\/li>\n<li>ne pas compromettre les droits de propri\u00e9t\u00e9 intellectuelle pr\u00e9sents sur ce site,<\/li>\n<li>n'exp\u00e9dier ou \u00e0 ne transmettre aucun message non sollicit\u00e9.<\/li>\n<\/ol>\n<h3><strong>Cookies et pixels invisibles<\/strong><\/h3>\n<p>Des \u00ab\u00a0cookies\u00a0\u00bb et des \u00ab\u00a0pixels invisibles\u00a0\u00bb peuvent \u00eatre envoy\u00e9s sur l'ordinateur de l'Utilisateur lors de la visite du site internet\u00a0<a href=\"http:\/\/www.luxidentity.lu\">www.luxidentity.lu<\/a>. Les \u00ab cookies \u00bb sont des fichiers, enregistr\u00e9s sur le disque dur de l'Utilisateur d'un site, \u00e0 la demande du serveur qui g\u00e8re le site visit\u00e9, qui permettent d'assurer un fonctionnement technique ad\u00e9quat du site et de rendre sa navigation plus fluide.<\/p>\n<p>Les \u00ab pixels dit invisibles \u00bb sont des petites images \u00e9lectroniques qui permettent au Site de compter le nombre de visiteurs ayant acc\u00e9d\u00e9 \u00e0 une page sp\u00e9cifique. Les donn\u00e9es collect\u00e9es par les pixels invisibles sont l'adresse IP, le nom de l'ordinateur h\u00f4te, le nom de la version du syst\u00e8me d'exploitation et du navigateur utilis\u00e9.<\/p>\n<p>Tout Utilisateur du site\u00a0<a href=\"http:\/\/www.luxidentity.lu\">www.luxidentity.lu<\/a> \u00a0peut supprimer ou d\u00e9sactiver les \u00ab cookies \u00bb et \u00ab pixels invisibles \u00bb de son disque dur et\/ou param\u00e9trer son logiciel de navigation pour en emp\u00eacher la r\u00e9ception. Le blocage des cookies et\/ou pixels invisibles peuvent cependant entraver la navigation.<\/p>\n<h3><strong>Droit applicable<\/strong><\/h3>\n<p>Les Conditions d'utilisation sont soumises au droit luxembourgeois. Tout litige relatif \u00e0 leur interpr\u00e9tation et\/ou \u00e0 leur ex\u00e9cution rel\u00e8ve de la comp\u00e9tence des tribunaux de l'arrondissement judiciaire de Luxembourg.<\/p>\n<h3><strong>Contact<\/strong><\/h3>\n<p>Vous pouvez contacter LuxIdentity concernant les pr\u00e9sentes conditions d'utilisation via l'adresse \u00e9lectronique suivante\u00a0:\u00a0info@luxidentity.lu ou via le formulaire de contact sur le site\u00a0<a href=\"http:\/\/www.luxidentity.lu\">www.luxidentity.lu<\/a><\/p>\n<h3><strong>\u00c9diteur du Site :<\/strong><\/h3>\n<p>L'\u00e9diteur du site\u00a0<a href=\"http:\/\/www.luxidentity.lu\">www.luxidentity.lu<\/a>\u00a0est LuxIdentity S\u00e0rl, dont le si\u00e8ge social est situ\u00e9 Rue des Trois Cantons, 9 \u00e0 8399 Windhof et inscrite au registre de commerce du Luxembourg avec le num\u00e9ro B201793 et avec le num\u00e9ro de TVA LU28454512.<\/p>\n<h3><strong>Conception et r\u00e9alisation du site internet<\/strong><\/h3>\n<p>La conception, les informations du Site, le d\u00e9veloppement, la maintenance technique et les mises \u00e0 jour sont assur\u00e9es par LuxIdentity.<\/p>\n<h3><strong>H\u00e9bergement\u00a0:<\/strong><\/h3>\n<p>L'h\u00e9bergeur du site internet\u00a0<a href=\"http:\/\/www.odsc.be\">www.luxidentity.lu<\/a>\u00a0est\u00a0:<\/p>\n<p>OVH SAS France (<a href=\"https:\/\/www.ovh.com\/fr\/\">https:\/\/www.ovh.com\/fr\/<\/a>) et les donn\u00e9es sont g\u00e9olocalis\u00e9es en France. Une maintenance technique ainsi que des mises \u00e0 jour sont \u00e9galement assur\u00e9es par l'h\u00e9bergeur OVH dans une certaine mesure.<\/p>\n<\/div><\/div><\/div><\/div><\/div>\n","protected":false},"excerpt":{"rendered":"","protected":false},"author":1,"featured_media":0,"parent":0,"menu_order":0,"comment_status":"closed","ping_status":"closed","template":"100-width.php","meta":{"footnotes":""},"class_list":["post-183","page","type-page","status-publish","hentry"],"yoast_head":"<!-- This site is optimized with the Yoast SEO plugin v25.7 - https:\/\/yoast.com\/wordpress\/plugins\/seo\/ -->\n<title>Mentions l\u00e9gales - Luxidentity<\/title>\n<meta name=\"robots\" content=\"index, follow, max-snippet:-1, max-image-preview:large, max-video-preview:-1\" \/>\n<link rel=\"canonical\" href=\"https:\/\/luxidentity.lu\/index.php\/mentions-legales\/\" \/>\n<meta property=\"og:locale\" content=\"fr_FR\" \/>\n<meta property=\"og:type\" content=\"article\" \/>\n<meta property=\"og:title\" content=\"Mentions l\u00e9gales - Luxidentity\" \/>\n<meta property=\"og:url\" content=\"https:\/\/luxidentity.lu\/index.php\/mentions-legales\/\" \/>\n<meta property=\"og:site_name\" content=\"Luxidentity\" \/>\n<meta property=\"article:modified_time\" content=\"2021-12-21T10:38:51+00:00\" \/>\n<meta name=\"twitter:card\" content=\"summary_large_image\" \/>\n<meta name=\"twitter:label1\" content=\"Dur\u00e9e de lecture estim\u00e9e\" \/>\n\t<meta name=\"twitter:data1\" content=\"2 minutes\" \/>\n<script type=\"application\/ld+json\" class=\"yoast-schema-graph\">{\"@context\":\"https:\/\/schema.org\",\"@graph\":[{\"@type\":\"WebPage\",\"@id\":\"https:\/\/luxidentity.lu\/index.php\/mentions-legales\/\",\"url\":\"https:\/\/luxidentity.lu\/index.php\/mentions-legales\/\",\"name\":\"Mentions l\u00e9gales - Luxidentity\",\"isPartOf\":{\"@id\":\"https:\/\/luxidentity.lu\/#website\"},\"datePublished\":\"2021-10-27T16:09:56+00:00\",\"dateModified\":\"2021-12-21T10:38:51+00:00\",\"breadcrumb\":{\"@id\":\"https:\/\/luxidentity.lu\/index.php\/mentions-legales\/#breadcrumb\"},\"inLanguage\":\"fr-FR\",\"potentialAction\":[{\"@type\":\"ReadAction\",\"target\":[\"https:\/\/luxidentity.lu\/index.php\/mentions-legales\/\"]}]},{\"@type\":\"BreadcrumbList\",\"@id\":\"https:\/\/luxidentity.lu\/index.php\/mentions-legales\/#breadcrumb\",\"itemListElement\":[{\"@type\":\"ListItem\",\"position\":1,\"name\":\"Accueil\",\"item\":\"https:\/\/luxidentity.lu\/\"},{\"@type\":\"ListItem\",\"position\":2,\"name\":\"Mentions l\u00e9gales\"}]},{\"@type\":\"WebSite\",\"@id\":\"https:\/\/luxidentity.lu\/#website\",\"url\":\"https:\/\/luxidentity.lu\/\",\"name\":\"Luxidentity\",\"description\":\"Faites face aux Cyber menaces avec Luxidentity\",\"potentialAction\":[{\"@type\":\"SearchAction\",\"target\":{\"@type\":\"EntryPoint\",\"urlTemplate\":\"https:\/\/luxidentity.lu\/?s={search_term_string}\"},\"query-input\":{\"@type\":\"PropertyValueSpecification\",\"valueRequired\":true,\"valueName\":\"search_term_string\"}}],\"inLanguage\":\"fr-FR\"}]}<\/script>\n<!-- \/ Yoast SEO plugin. -->","yoast_head_json":{"title":"Mentions l\u00e9gales - Luxidentity","robots":{"index":"index","follow":"follow","max-snippet":"max-snippet:-1","max-image-preview":"max-image-preview:large","max-video-preview":"max-video-preview:-1"},"canonical":"https:\/\/luxidentity.lu\/index.php\/mentions-legales\/","og_locale":"fr_FR","og_type":"article","og_title":"Mentions l\u00e9gales - Luxidentity","og_url":"https:\/\/luxidentity.lu\/index.php\/mentions-legales\/","og_site_name":"Luxidentity","article_modified_time":"2021-12-21T10:38:51+00:00","twitter_card":"summary_large_image","twitter_misc":{"Dur\u00e9e de lecture estim\u00e9e":"2 minutes"},"schema":{"@context":"https:\/\/schema.org","@graph":[{"@type":"WebPage","@id":"https:\/\/luxidentity.lu\/index.php\/mentions-legales\/","url":"https:\/\/luxidentity.lu\/index.php\/mentions-legales\/","name":"Mentions l\u00e9gales - Luxidentity","isPartOf":{"@id":"https:\/\/luxidentity.lu\/#website"},"datePublished":"2021-10-27T16:09:56+00:00","dateModified":"2021-12-21T10:38:51+00:00","breadcrumb":{"@id":"https:\/\/luxidentity.lu\/index.php\/mentions-legales\/#breadcrumb"},"inLanguage":"fr-FR","potentialAction":[{"@type":"ReadAction","target":["https:\/\/luxidentity.lu\/index.php\/mentions-legales\/"]}]},{"@type":"BreadcrumbList","@id":"https:\/\/luxidentity.lu\/index.php\/mentions-legales\/#breadcrumb","itemListElement":[{"@type":"ListItem","position":1,"name":"Accueil","item":"https:\/\/luxidentity.lu\/"},{"@type":"ListItem","position":2,"name":"Mentions l\u00e9gales"}]},{"@type":"WebSite","@id":"https:\/\/luxidentity.lu\/#website","url":"https:\/\/luxidentity.lu\/","name":"Luxidentity","description":"Faites face aux Cyber menaces avec Luxidentity","potentialAction":[{"@type":"SearchAction","target":{"@type":"EntryPoint","urlTemplate":"https:\/\/luxidentity.lu\/?s={search_term_string}"},"query-input":{"@type":"PropertyValueSpecification","valueRequired":true,"valueName":"search_term_string"}}],"inLanguage":"fr-FR"}]}},"_links":{"self":[{"href":"https:\/\/luxidentity.lu\/index.php\/wp-json\/wp\/v2\/pages\/183","targetHints":{"allow":["GET"]}}],"collection":[{"href":"https:\/\/luxidentity.lu\/index.php\/wp-json\/wp\/v2\/pages"}],"about":[{"href":"https:\/\/luxidentity.lu\/index.php\/wp-json\/wp\/v2\/types\/page"}],"author":[{"embeddable":true,"href":"https:\/\/luxidentity.lu\/index.php\/wp-json\/wp\/v2\/users\/1"}],"replies":[{"embeddable":true,"href":"https:\/\/luxidentity.lu\/index.php\/wp-json\/wp\/v2\/comments?post=183"}],"version-history":[{"count":8,"href":"https:\/\/luxidentity.lu\/index.php\/wp-json\/wp\/v2\/pages\/183\/revisions"}],"predecessor-version":[{"id":315,"href":"https:\/\/luxidentity.lu\/index.php\/wp-json\/wp\/v2\/pages\/183\/revisions\/315"}],"wp:attachment":[{"href":"https:\/\/luxidentity.lu\/index.php\/wp-json\/wp\/v2\/media?parent=183"}],"curies":[{"name":"wp","href":"https:\/\/api.w.org\/{rel}","templated":true}]}}