{"id":128,"date":"2021-10-27T16:54:57","date_gmt":"2021-10-27T14:54:57","guid":{"rendered":"https:\/\/luxidentity.lu\/?page_id=128"},"modified":"2021-10-27T17:20:40","modified_gmt":"2021-10-27T15:20:40","slug":"philosophie-cyber-securite-luxembourg","status":"publish","type":"page","link":"https:\/\/luxidentity.lu\/index.php\/philosophie-cyber-securite-luxembourg\/","title":{"rendered":"Philosophie"},"content":{"rendered":"<div class=\"fusion-fullwidth fullwidth-box fusion-builder-row-1 fusion-flex-container nonhundred-percent-fullwidth non-hundred-percent-height-scrolling\" style=\"--awb-border-radius-top-left:0px;--awb-border-radius-top-right:0px;--awb-border-radius-bottom-right:0px;--awb-border-radius-bottom-left:0px;--awb-margin-top:40px;--awb-margin-bottom:20px;--awb-flex-wrap:wrap;\" ><div class=\"fusion-builder-row fusion-row fusion-flex-align-items-flex-start fusion-flex-content-wrap\" style=\"max-width:1248px;margin-left: calc(-4% \/ 2 );margin-right: calc(-4% \/ 2 );\"><div class=\"fusion-layout-column fusion_builder_column fusion-builder-column-0 fusion_builder_column_1_1 1_1 fusion-flex-column\" style=\"--awb-bg-size:cover;--awb-width-large:100%;--awb-margin-top-large:0px;--awb-spacing-right-large:1.92%;--awb-margin-bottom-large:20px;--awb-spacing-left-large:1.92%;--awb-width-medium:100%;--awb-order-medium:0;--awb-spacing-right-medium:1.92%;--awb-spacing-left-medium:1.92%;--awb-width-small:100%;--awb-order-small:0;--awb-spacing-right-small:1.92%;--awb-spacing-left-small:1.92%;\"><div class=\"fusion-column-wrapper fusion-column-has-shadow fusion-flex-justify-content-flex-start fusion-content-layout-column\"><div class=\"fusion-text fusion-text-1\" style=\"--awb-font-size:20px;--awb-text-color:#17a1dc;\"><p class=\"p1\"><strong>Un constat alarmant : les petites entreprises ne sont pas assez sensibilis\u00e9es \u00e0 la s\u00e9curit\u00e9 de leurs donn\u00e9es face \u00e0 la menace de plus en plus importante sur les r\u00e9seaux informatiques. Luxidentity souhaite donc accompagner particuli\u00e8rement les TPE et PME dans leur d\u00e9marche de s\u00e9curisation des donn\u00e9es.<\/strong><\/p>\n<\/div><div class=\"fusion-text fusion-text-2\"><h2 class=\"p2\">Une analyse personnalis\u00e9e des besoins en cybers\u00e9curit\u00e9<\/h2>\n<p class=\"p1\">Chaque TPE, PME est unique de par son infrastructure, son organisation, la sensibilit\u00e9 de ses donn\u00e9es. C'est pourquoi Luxidentity d\u00e9bute chaque relation avec ses clients par un premier entretien sur mesure destin\u00e9 \u00e0 d\u00e9finir pr\u00e9cis\u00e9ment ses besoins en s\u00e9curit\u00e9 informatique.<\/p>\n<h2 class=\"p2\">Une entreprise informatique \u00e0 taille humaine<\/h2>\n<p class=\"p1\">Pr\u00e9sente au Luxembourg, un des pays les plus s\u00e9curis\u00e9 en Europe, Luxidentity est une entreprise proche de ses clients. Chaque client b\u00e9n\u00e9ficie d'un interlocuteur unique disponible pour le conseiller durant toute la dur\u00e9e de sa d\u00e9marche de s\u00e9curisation informatique.<\/p>\n<\/div><\/div><\/div><\/div><\/div>\n","protected":false},"excerpt":{"rendered":"","protected":false},"author":1,"featured_media":0,"parent":0,"menu_order":0,"comment_status":"closed","ping_status":"closed","template":"100-width.php","meta":{"footnotes":""},"class_list":["post-128","page","type-page","status-publish","hentry"],"yoast_head":"<!-- This site is optimized with the Yoast SEO plugin v25.7 - https:\/\/yoast.com\/wordpress\/plugins\/seo\/ -->\n<title>Philosophie - Luxidentity<\/title>\n<meta name=\"robots\" content=\"index, follow, max-snippet:-1, max-image-preview:large, max-video-preview:-1\" \/>\n<link rel=\"canonical\" href=\"https:\/\/luxidentity.lu\/index.php\/philosophie-cyber-securite-luxembourg\/\" \/>\n<meta property=\"og:locale\" content=\"fr_FR\" \/>\n<meta property=\"og:type\" content=\"article\" \/>\n<meta property=\"og:title\" content=\"Philosophie - Luxidentity\" \/>\n<meta property=\"og:url\" content=\"https:\/\/luxidentity.lu\/index.php\/philosophie-cyber-securite-luxembourg\/\" \/>\n<meta property=\"og:site_name\" content=\"Luxidentity\" \/>\n<meta property=\"article:modified_time\" content=\"2021-10-27T15:20:40+00:00\" \/>\n<meta name=\"twitter:card\" content=\"summary_large_image\" \/>\n<meta name=\"twitter:label1\" content=\"Dur\u00e9e de lecture estim\u00e9e\" \/>\n\t<meta name=\"twitter:data1\" content=\"2 minutes\" \/>\n<script type=\"application\/ld+json\" class=\"yoast-schema-graph\">{\"@context\":\"https:\/\/schema.org\",\"@graph\":[{\"@type\":\"WebPage\",\"@id\":\"https:\/\/luxidentity.lu\/index.php\/philosophie-cyber-securite-luxembourg\/\",\"url\":\"https:\/\/luxidentity.lu\/index.php\/philosophie-cyber-securite-luxembourg\/\",\"name\":\"Philosophie - Luxidentity\",\"isPartOf\":{\"@id\":\"https:\/\/luxidentity.lu\/#website\"},\"datePublished\":\"2021-10-27T14:54:57+00:00\",\"dateModified\":\"2021-10-27T15:20:40+00:00\",\"breadcrumb\":{\"@id\":\"https:\/\/luxidentity.lu\/index.php\/philosophie-cyber-securite-luxembourg\/#breadcrumb\"},\"inLanguage\":\"fr-FR\",\"potentialAction\":[{\"@type\":\"ReadAction\",\"target\":[\"https:\/\/luxidentity.lu\/index.php\/philosophie-cyber-securite-luxembourg\/\"]}]},{\"@type\":\"BreadcrumbList\",\"@id\":\"https:\/\/luxidentity.lu\/index.php\/philosophie-cyber-securite-luxembourg\/#breadcrumb\",\"itemListElement\":[{\"@type\":\"ListItem\",\"position\":1,\"name\":\"Accueil\",\"item\":\"https:\/\/luxidentity.lu\/\"},{\"@type\":\"ListItem\",\"position\":2,\"name\":\"Philosophie\"}]},{\"@type\":\"WebSite\",\"@id\":\"https:\/\/luxidentity.lu\/#website\",\"url\":\"https:\/\/luxidentity.lu\/\",\"name\":\"Luxidentity\",\"description\":\"Faites face aux Cyber menaces avec Luxidentity\",\"potentialAction\":[{\"@type\":\"SearchAction\",\"target\":{\"@type\":\"EntryPoint\",\"urlTemplate\":\"https:\/\/luxidentity.lu\/?s={search_term_string}\"},\"query-input\":{\"@type\":\"PropertyValueSpecification\",\"valueRequired\":true,\"valueName\":\"search_term_string\"}}],\"inLanguage\":\"fr-FR\"}]}<\/script>\n<!-- \/ Yoast SEO plugin. -->","yoast_head_json":{"title":"Philosophie - Luxidentity","robots":{"index":"index","follow":"follow","max-snippet":"max-snippet:-1","max-image-preview":"max-image-preview:large","max-video-preview":"max-video-preview:-1"},"canonical":"https:\/\/luxidentity.lu\/index.php\/philosophie-cyber-securite-luxembourg\/","og_locale":"fr_FR","og_type":"article","og_title":"Philosophie - Luxidentity","og_url":"https:\/\/luxidentity.lu\/index.php\/philosophie-cyber-securite-luxembourg\/","og_site_name":"Luxidentity","article_modified_time":"2021-10-27T15:20:40+00:00","twitter_card":"summary_large_image","twitter_misc":{"Dur\u00e9e de lecture estim\u00e9e":"2 minutes"},"schema":{"@context":"https:\/\/schema.org","@graph":[{"@type":"WebPage","@id":"https:\/\/luxidentity.lu\/index.php\/philosophie-cyber-securite-luxembourg\/","url":"https:\/\/luxidentity.lu\/index.php\/philosophie-cyber-securite-luxembourg\/","name":"Philosophie - Luxidentity","isPartOf":{"@id":"https:\/\/luxidentity.lu\/#website"},"datePublished":"2021-10-27T14:54:57+00:00","dateModified":"2021-10-27T15:20:40+00:00","breadcrumb":{"@id":"https:\/\/luxidentity.lu\/index.php\/philosophie-cyber-securite-luxembourg\/#breadcrumb"},"inLanguage":"fr-FR","potentialAction":[{"@type":"ReadAction","target":["https:\/\/luxidentity.lu\/index.php\/philosophie-cyber-securite-luxembourg\/"]}]},{"@type":"BreadcrumbList","@id":"https:\/\/luxidentity.lu\/index.php\/philosophie-cyber-securite-luxembourg\/#breadcrumb","itemListElement":[{"@type":"ListItem","position":1,"name":"Accueil","item":"https:\/\/luxidentity.lu\/"},{"@type":"ListItem","position":2,"name":"Philosophie"}]},{"@type":"WebSite","@id":"https:\/\/luxidentity.lu\/#website","url":"https:\/\/luxidentity.lu\/","name":"Luxidentity","description":"Faites face aux Cyber menaces avec Luxidentity","potentialAction":[{"@type":"SearchAction","target":{"@type":"EntryPoint","urlTemplate":"https:\/\/luxidentity.lu\/?s={search_term_string}"},"query-input":{"@type":"PropertyValueSpecification","valueRequired":true,"valueName":"search_term_string"}}],"inLanguage":"fr-FR"}]}},"_links":{"self":[{"href":"https:\/\/luxidentity.lu\/index.php\/wp-json\/wp\/v2\/pages\/128","targetHints":{"allow":["GET"]}}],"collection":[{"href":"https:\/\/luxidentity.lu\/index.php\/wp-json\/wp\/v2\/pages"}],"about":[{"href":"https:\/\/luxidentity.lu\/index.php\/wp-json\/wp\/v2\/types\/page"}],"author":[{"embeddable":true,"href":"https:\/\/luxidentity.lu\/index.php\/wp-json\/wp\/v2\/users\/1"}],"replies":[{"embeddable":true,"href":"https:\/\/luxidentity.lu\/index.php\/wp-json\/wp\/v2\/comments?post=128"}],"version-history":[{"count":16,"href":"https:\/\/luxidentity.lu\/index.php\/wp-json\/wp\/v2\/pages\/128\/revisions"}],"predecessor-version":[{"id":145,"href":"https:\/\/luxidentity.lu\/index.php\/wp-json\/wp\/v2\/pages\/128\/revisions\/145"}],"wp:attachment":[{"href":"https:\/\/luxidentity.lu\/index.php\/wp-json\/wp\/v2\/media?parent=128"}],"curies":[{"name":"wp","href":"https:\/\/api.w.org\/{rel}","templated":true}]}}